{"id":179,"date":"2024-08-08T17:38:47","date_gmt":"2024-08-08T17:38:47","guid":{"rendered":"https:\/\/seyranmuhendislik.com\/?page_id=179"},"modified":"2024-08-08T18:08:26","modified_gmt":"2024-08-08T18:08:26","slug":"mekanik-tesisat-taahhut-isleri","status":"publish","type":"page","link":"https:\/\/seyranmuhendislik.com\/index.php\/about-us\/mekanik-tesisat-taahhut-isleri\/","title":{"rendered":"Mekanik Tesisat Taahh\u00fct \u0130\u015fleri"},"content":{"rendered":"","protected":false},"excerpt":{"rendered":"","protected":false},"author":1,"featured_media":0,"parent":30,"menu_order":0,"comment_status":"closed","ping_status":"closed","template":"","meta":{"footnotes":""},"_links":{"self":[{"href":"https:\/\/seyranmuhendislik.com\/index.php\/wp-json\/wp\/v2\/pages\/179"}],"collection":[{"href":"https:\/\/seyranmuhendislik.com\/index.php\/wp-json\/wp\/v2\/pages"}],"about":[{"href":"https:\/\/seyranmuhendislik.com\/index.php\/wp-json\/wp\/v2\/types\/page"}],"author":[{"embeddable":true,"href":"https:\/\/seyranmuhendislik.com\/index.php\/wp-json\/wp\/v2\/users\/1"}],"replies":[{"embeddable":true,"href":"https:\/\/seyranmuhendislik.com\/index.php\/wp-json\/wp\/v2\/comments?post=179"}],"version-history":[{"count":1,"href":"https:\/\/seyranmuhendislik.com\/index.php\/wp-json\/wp\/v2\/pages\/179\/revisions"}],"predecessor-version":[{"id":181,"href":"https:\/\/seyranmuhendislik.com\/index.php\/wp-json\/wp\/v2\/pages\/179\/revisions\/181"}],"up":[{"embeddable":true,"href":"https:\/\/seyranmuhendislik.com\/index.php\/wp-json\/wp\/v2\/pages\/30"}],"wp:attachment":[{"href":"https:\/\/seyranmuhendislik.com\/index.php\/wp-json\/wp\/v2\/media?parent=179"}],"curies":[{"name":"wp","href":"https:\/\/api.w.org\/{rel}","templated":true}]}}