{"id":191,"date":"2024-08-09T08:24:25","date_gmt":"2024-08-09T08:24:25","guid":{"rendered":"https:\/\/seyranmuhendislik.com\/?page_id=191"},"modified":"2024-08-09T08:25:48","modified_gmt":"2024-08-09T08:25:48","slug":"endustriyel-izolasyon-ve-kaplama-isleri","status":"publish","type":"page","link":"https:\/\/seyranmuhendislik.com\/index.php\/about-us\/endustriyel-izolasyon-ve-kaplama-isleri\/","title":{"rendered":"End\u00fcstriyel \u0130zolasyon ve Kaplama \u0130\u015fleri"},"content":{"rendered":"","protected":false},"excerpt":{"rendered":"","protected":false},"author":1,"featured_media":0,"parent":30,"menu_order":0,"comment_status":"closed","ping_status":"closed","template":"","meta":{"footnotes":""},"_links":{"self":[{"href":"https:\/\/seyranmuhendislik.com\/index.php\/wp-json\/wp\/v2\/pages\/191"}],"collection":[{"href":"https:\/\/seyranmuhendislik.com\/index.php\/wp-json\/wp\/v2\/pages"}],"about":[{"href":"https:\/\/seyranmuhendislik.com\/index.php\/wp-json\/wp\/v2\/types\/page"}],"author":[{"embeddable":true,"href":"https:\/\/seyranmuhendislik.com\/index.php\/wp-json\/wp\/v2\/users\/1"}],"replies":[{"embeddable":true,"href":"https:\/\/seyranmuhendislik.com\/index.php\/wp-json\/wp\/v2\/comments?post=191"}],"version-history":[{"count":1,"href":"https:\/\/seyranmuhendislik.com\/index.php\/wp-json\/wp\/v2\/pages\/191\/revisions"}],"predecessor-version":[{"id":192,"href":"https:\/\/seyranmuhendislik.com\/index.php\/wp-json\/wp\/v2\/pages\/191\/revisions\/192"}],"up":[{"embeddable":true,"href":"https:\/\/seyranmuhendislik.com\/index.php\/wp-json\/wp\/v2\/pages\/30"}],"wp:attachment":[{"href":"https:\/\/seyranmuhendislik.com\/index.php\/wp-json\/wp\/v2\/media?parent=191"}],"curies":[{"name":"wp","href":"https:\/\/api.w.org\/{rel}","templated":true}]}}