{"id":193,"date":"2024-08-09T08:27:31","date_gmt":"2024-08-09T08:27:31","guid":{"rendered":"https:\/\/seyranmuhendislik.com\/?page_id=193"},"modified":"2024-08-09T08:30:56","modified_gmt":"2024-08-09T08:30:56","slug":"dogalgaz-ve-yakit-borulama-isleri","status":"publish","type":"page","link":"https:\/\/seyranmuhendislik.com\/index.php\/about-us\/dogalgaz-ve-yakit-borulama-isleri\/","title":{"rendered":"Do\u011falgaz ve Yak\u0131t Borulama \u0130\u015fleri"},"content":{"rendered":"","protected":false},"excerpt":{"rendered":"","protected":false},"author":1,"featured_media":0,"parent":30,"menu_order":0,"comment_status":"closed","ping_status":"closed","template":"","meta":{"footnotes":""},"_links":{"self":[{"href":"https:\/\/seyranmuhendislik.com\/index.php\/wp-json\/wp\/v2\/pages\/193"}],"collection":[{"href":"https:\/\/seyranmuhendislik.com\/index.php\/wp-json\/wp\/v2\/pages"}],"about":[{"href":"https:\/\/seyranmuhendislik.com\/index.php\/wp-json\/wp\/v2\/types\/page"}],"author":[{"embeddable":true,"href":"https:\/\/seyranmuhendislik.com\/index.php\/wp-json\/wp\/v2\/users\/1"}],"replies":[{"embeddable":true,"href":"https:\/\/seyranmuhendislik.com\/index.php\/wp-json\/wp\/v2\/comments?post=193"}],"version-history":[{"count":1,"href":"https:\/\/seyranmuhendislik.com\/index.php\/wp-json\/wp\/v2\/pages\/193\/revisions"}],"predecessor-version":[{"id":194,"href":"https:\/\/seyranmuhendislik.com\/index.php\/wp-json\/wp\/v2\/pages\/193\/revisions\/194"}],"up":[{"embeddable":true,"href":"https:\/\/seyranmuhendislik.com\/index.php\/wp-json\/wp\/v2\/pages\/30"}],"wp:attachment":[{"href":"https:\/\/seyranmuhendislik.com\/index.php\/wp-json\/wp\/v2\/media?parent=193"}],"curies":[{"name":"wp","href":"https:\/\/api.w.org\/{rel}","templated":true}]}}