{"id":197,"date":"2024-08-09T08:39:55","date_gmt":"2024-08-09T08:39:55","guid":{"rendered":"https:\/\/seyranmuhendislik.com\/?page_id=197"},"modified":"2024-08-09T08:42:34","modified_gmt":"2024-08-09T08:42:34","slug":"celik-konstruksiyon-imalat-ve-montaj-isleri","status":"publish","type":"page","link":"https:\/\/seyranmuhendislik.com\/index.php\/about-us\/celik-konstruksiyon-imalat-ve-montaj-isleri\/","title":{"rendered":"\u00c7elik Konstr\u00fcksiyon \u0130malat ve Montaj \u0130\u015fleri"},"content":{"rendered":"","protected":false},"excerpt":{"rendered":"","protected":false},"author":1,"featured_media":0,"parent":30,"menu_order":0,"comment_status":"closed","ping_status":"closed","template":"","meta":{"footnotes":""},"_links":{"self":[{"href":"https:\/\/seyranmuhendislik.com\/index.php\/wp-json\/wp\/v2\/pages\/197"}],"collection":[{"href":"https:\/\/seyranmuhendislik.com\/index.php\/wp-json\/wp\/v2\/pages"}],"about":[{"href":"https:\/\/seyranmuhendislik.com\/index.php\/wp-json\/wp\/v2\/types\/page"}],"author":[{"embeddable":true,"href":"https:\/\/seyranmuhendislik.com\/index.php\/wp-json\/wp\/v2\/users\/1"}],"replies":[{"embeddable":true,"href":"https:\/\/seyranmuhendislik.com\/index.php\/wp-json\/wp\/v2\/comments?post=197"}],"version-history":[{"count":1,"href":"https:\/\/seyranmuhendislik.com\/index.php\/wp-json\/wp\/v2\/pages\/197\/revisions"}],"predecessor-version":[{"id":198,"href":"https:\/\/seyranmuhendislik.com\/index.php\/wp-json\/wp\/v2\/pages\/197\/revisions\/198"}],"up":[{"embeddable":true,"href":"https:\/\/seyranmuhendislik.com\/index.php\/wp-json\/wp\/v2\/pages\/30"}],"wp:attachment":[{"href":"https:\/\/seyranmuhendislik.com\/index.php\/wp-json\/wp\/v2\/media?parent=197"}],"curies":[{"name":"wp","href":"https:\/\/api.w.org\/{rel}","templated":true}]}}