{"id":208,"date":"2024-08-09T09:04:01","date_gmt":"2024-08-09T09:04:01","guid":{"rendered":"https:\/\/seyranmuhendislik.com\/?page_id=208"},"modified":"2024-08-09T09:23:54","modified_gmt":"2024-08-09T09:23:54","slug":"isletme-ve-bakim-isleri","status":"publish","type":"page","link":"https:\/\/seyranmuhendislik.com\/index.php\/about-us\/isletme-ve-bakim-isleri\/","title":{"rendered":"\u0130\u015fletme ve Bak\u0131m \u0130\u015fleri"},"content":{"rendered":"","protected":false},"excerpt":{"rendered":"","protected":false},"author":1,"featured_media":0,"parent":30,"menu_order":0,"comment_status":"closed","ping_status":"closed","template":"","meta":{"footnotes":""},"_links":{"self":[{"href":"https:\/\/seyranmuhendislik.com\/index.php\/wp-json\/wp\/v2\/pages\/208"}],"collection":[{"href":"https:\/\/seyranmuhendislik.com\/index.php\/wp-json\/wp\/v2\/pages"}],"about":[{"href":"https:\/\/seyranmuhendislik.com\/index.php\/wp-json\/wp\/v2\/types\/page"}],"author":[{"embeddable":true,"href":"https:\/\/seyranmuhendislik.com\/index.php\/wp-json\/wp\/v2\/users\/1"}],"replies":[{"embeddable":true,"href":"https:\/\/seyranmuhendislik.com\/index.php\/wp-json\/wp\/v2\/comments?post=208"}],"version-history":[{"count":1,"href":"https:\/\/seyranmuhendislik.com\/index.php\/wp-json\/wp\/v2\/pages\/208\/revisions"}],"predecessor-version":[{"id":209,"href":"https:\/\/seyranmuhendislik.com\/index.php\/wp-json\/wp\/v2\/pages\/208\/revisions\/209"}],"up":[{"embeddable":true,"href":"https:\/\/seyranmuhendislik.com\/index.php\/wp-json\/wp\/v2\/pages\/30"}],"wp:attachment":[{"href":"https:\/\/seyranmuhendislik.com\/index.php\/wp-json\/wp\/v2\/media?parent=208"}],"curies":[{"name":"wp","href":"https:\/\/api.w.org\/{rel}","templated":true}]}}